{"id":6066,"date":"2020-03-18T16:47:47","date_gmt":"2020-03-18T15:47:47","guid":{"rendered":"https:\/\/birraalmond.com\/?post_type=product&#038;p=6066"},"modified":"2025-06-30T10:40:06","modified_gmt":"2025-06-30T08:40:06","slug":"boogeyman","status":"publish","type":"product","link":"https:\/\/birraalmond.com\/en\/shop\/imperial-porter\/boogeyman\/","title":{"rendered":"Boogeyman"},"content":{"rendered":"<div class=\"wpb-content-wrapper\"><p>[vc_row equal_height=&#8221;yes&#8221; css=&#8221;.vc_custom_1609802500381{margin-bottom: 45px !important;}&#8221;][vc_column][vc_row_inner][vc_column_inner width=&#8221;1\/2&#8243;][vc_column_text]<strong>Bottiglia:<\/strong> 0,33 l<br \/>\n<strong>Stile:<\/strong> Nostra interpretazione dello stile Imperial Porter<br \/>\n<strong>Volume alcolico:<\/strong> 8,2 %<br \/>\n<strong>Temperatura di servizio:<\/strong> 10\u00b0-12\u00b0 C<br \/>\n<strong>Schiuma:<\/strong> Fine e cremosa<br \/>\n<strong>Colore:<\/strong> Nero con riflessi porpora scuro<br \/>\n<strong>Aspetto:<\/strong> Limpido<br \/>\n<strong>Tecnica di lavorazione:<\/strong> Seconda fermentazione in bottiglia con maturazione sui lieviti<br \/>\n<strong>IBU:<\/strong> 38[\/vc_column_text][\/vc_column_inner][vc_column_inner width=&#8221;1\/2&#8243;][vc_progress_bar values=&#8221;%5B%7B%22label%22%3A%22Fermentazione%22%2C%22value%22%3A%2290%22%7D%2C%7B%22label%22%3A%22Corpo%22%2C%22value%22%3A%2250%22%7D%2C%7B%22label%22%3A%22Amaro%22%2C%22value%22%3A%2240%22%7D%2C%7B%22label%22%3A%22Frizzantezza%22%2C%22value%22%3A%2230%22%7D%2C%7B%22label%22%3A%22Persistenza%20retrolfattiva%22%2C%22value%22%3A%2280%22%7D%5D&#8221; bgcolor=&#8221;custom&#8221; custombgcolor=&#8221;#241218&#8243;][\/vc_column_inner][\/vc_row_inner][\/vc_column][\/vc_row]<\/p>\n<\/div>","protected":false},"excerpt":{"rendered":"<p>La <strong>Boogeyman<\/strong> \u00e8 una birra realizzata nello stile delle Imperial Porter, speziata con pepe verde e buccia d\u2019arancia calabrese.<\/p>\n<p>\u00c8 caratterizzata da un colore nero intenso con riflessi porpora scuro e da una schiuma color nocciola. Il corpo \u00e8 pieno e prevalgono i tipici sentori di caff\u00e8 d\u2019orzo, cioccolato fondente, liquirizia e frutta secca. Rispetto allo stile da cui si ispira, \u00e8 pi\u00f9 morbida e fruttata e nasconde bene la sua elevata gradazione alcolica.<\/p>\n<p>Premio Slow Food\u00ae 2023:<br \/>\n<strong>\u201cBirra Imperdibile\u201d<\/strong><\/p>\n","protected":false},"featured_media":7183,"comment_status":"open","ping_status":"closed","template":"","meta":[],"product_cat":[99],"product_tag":[],"class_list":{"0":"post-6066","1":"product","2":"type-product","3":"status-publish","4":"has-post-thumbnail","6":"product_cat-imperial-porter","7":"product_shipping_class-154","8":"pa_formato-033-l","10":"first","11":"outofstock","12":"taxable","13":"shipping-taxable","14":"purchasable","15":"product-type-simple"},"yoast_head":"<!-- This site is optimized with the Yoast SEO plugin v24.5 - https:\/\/yoast.com\/wordpress\/plugins\/seo\/ -->\n<title>Boogeyman - Birra Artigianale ALMOND &#039;22<\/title>\n<meta name=\"robots\" content=\"index, follow, max-snippet:-1, max-image-preview:large, max-video-preview:-1\" \/>\n<link rel=\"canonical\" href=\"https:\/\/birraalmond.com\/en\/shop\/imperial-porter\/boogeyman\/\" \/>\n<meta property=\"og:locale\" content=\"en_US\" \/>\n<meta property=\"og:type\" content=\"article\" \/>\n<meta property=\"og:title\" content=\"Boogeyman - Birra Artigianale ALMOND &#039;22\" \/>\n<meta property=\"og:description\" content=\"La Boogeyman \u00e8 una birra realizzata nello stile delle Imperial Porter, speziata con pepe verde e buccia d\u2019arancia calabrese.  \u00c8 caratterizzata da un colore nero intenso con riflessi porpora scuro e da una schiuma color nocciola. Il corpo \u00e8 pieno e prevalgono i tipici sentori di caff\u00e8 d\u2019orzo, cioccolato fondente, liquirizia e frutta secca. Rispetto allo stile da cui si ispira, \u00e8 pi\u00f9 morbida e fruttata e nasconde bene la sua elevata gradazione alcolica.  Premio Slow Food\u00ae 2023: \u201cBirra Imperdibile\u201d\" \/>\n<meta property=\"og:url\" content=\"https:\/\/birraalmond.com\/en\/shop\/imperial-porter\/boogeyman\/\" \/>\n<meta property=\"og:site_name\" content=\"Birra Artigianale ALMOND &#039;22\" \/>\n<meta property=\"article:modified_time\" content=\"2025-06-30T08:40:06+00:00\" \/>\n<meta property=\"og:image\" content=\"https:\/\/birraalmond.com\/wp-content\/uploads\/2020\/03\/imperial_porter-boogeyman-slow_food.webp\" \/>\n\t<meta property=\"og:image:width\" content=\"900\" \/>\n\t<meta property=\"og:image:height\" content=\"900\" \/>\n\t<meta property=\"og:image:type\" content=\"image\/webp\" \/>\n<meta name=\"twitter:card\" content=\"summary_large_image\" \/>\n<meta name=\"twitter:label1\" content=\"Est. reading time\" \/>\n\t<meta name=\"twitter:data1\" content=\"1 minute\" \/>\n<script type=\"application\/ld+json\" class=\"yoast-schema-graph\">{\"@context\":\"https:\/\/schema.org\",\"@graph\":[{\"@type\":\"WebPage\",\"@id\":\"https:\/\/birraalmond.com\/en\/shop\/imperial-porter\/boogeyman\/\",\"url\":\"https:\/\/birraalmond.com\/en\/shop\/imperial-porter\/boogeyman\/\",\"name\":\"Boogeyman - Birra Artigianale ALMOND &#039;22\",\"isPartOf\":{\"@id\":\"https:\/\/birraalmond.com\/en\/#website\"},\"primaryImageOfPage\":{\"@id\":\"https:\/\/birraalmond.com\/en\/shop\/imperial-porter\/boogeyman\/#primaryimage\"},\"image\":{\"@id\":\"https:\/\/birraalmond.com\/en\/shop\/imperial-porter\/boogeyman\/#primaryimage\"},\"thumbnailUrl\":\"https:\/\/birraalmond.com\/wp-content\/uploads\/2020\/03\/imperial_porter-boogeyman-slow_food.webp\",\"datePublished\":\"2020-03-18T15:47:47+00:00\",\"dateModified\":\"2025-06-30T08:40:06+00:00\",\"breadcrumb\":{\"@id\":\"https:\/\/birraalmond.com\/en\/shop\/imperial-porter\/boogeyman\/#breadcrumb\"},\"inLanguage\":\"en-US\",\"potentialAction\":[{\"@type\":\"ReadAction\",\"target\":[\"https:\/\/birraalmond.com\/en\/shop\/imperial-porter\/boogeyman\/\"]}]},{\"@type\":\"ImageObject\",\"inLanguage\":\"en-US\",\"@id\":\"https:\/\/birraalmond.com\/en\/shop\/imperial-porter\/boogeyman\/#primaryimage\",\"url\":\"https:\/\/birraalmond.com\/wp-content\/uploads\/2020\/03\/imperial_porter-boogeyman-slow_food.webp\",\"contentUrl\":\"https:\/\/birraalmond.com\/wp-content\/uploads\/2020\/03\/imperial_porter-boogeyman-slow_food.webp\",\"width\":900,\"height\":900},{\"@type\":\"BreadcrumbList\",\"@id\":\"https:\/\/birraalmond.com\/en\/shop\/imperial-porter\/boogeyman\/#breadcrumb\",\"itemListElement\":[{\"@type\":\"ListItem\",\"position\":1,\"name\":\"Home\",\"item\":\"https:\/\/birraalmond.com\/en\/\"},{\"@type\":\"ListItem\",\"position\":2,\"name\":\"Shop\",\"item\":\"https:\/\/birraalmond.com\/shop\/\"},{\"@type\":\"ListItem\",\"position\":3,\"name\":\"Boogeyman\"}]},{\"@type\":\"WebSite\",\"@id\":\"https:\/\/birraalmond.com\/en\/#website\",\"url\":\"https:\/\/birraalmond.com\/en\/\",\"name\":\"Birra Artigianale ALMOND &#039;22\",\"description\":\"Italian Craft Beer\",\"potentialAction\":[{\"@type\":\"SearchAction\",\"target\":{\"@type\":\"EntryPoint\",\"urlTemplate\":\"https:\/\/birraalmond.com\/en\/?s={search_term_string}\"},\"query-input\":{\"@type\":\"PropertyValueSpecification\",\"valueRequired\":true,\"valueName\":\"search_term_string\"}}],\"inLanguage\":\"en-US\"}]}<\/script>\n<!-- \/ Yoast SEO plugin. -->","yoast_head_json":{"title":"Boogeyman - Birra Artigianale ALMOND &#039;22","robots":{"index":"index","follow":"follow","max-snippet":"max-snippet:-1","max-image-preview":"max-image-preview:large","max-video-preview":"max-video-preview:-1"},"canonical":"https:\/\/birraalmond.com\/en\/shop\/imperial-porter\/boogeyman\/","og_locale":"en_US","og_type":"article","og_title":"Boogeyman - Birra Artigianale ALMOND &#039;22","og_description":"La Boogeyman \u00e8 una birra realizzata nello stile delle Imperial Porter, speziata con pepe verde e buccia d\u2019arancia calabrese.  \u00c8 caratterizzata da un colore nero intenso con riflessi porpora scuro e da una schiuma color nocciola. Il corpo \u00e8 pieno e prevalgono i tipici sentori di caff\u00e8 d\u2019orzo, cioccolato fondente, liquirizia e frutta secca. Rispetto allo stile da cui si ispira, \u00e8 pi\u00f9 morbida e fruttata e nasconde bene la sua elevata gradazione alcolica.  Premio Slow Food\u00ae 2023: \u201cBirra Imperdibile\u201d","og_url":"https:\/\/birraalmond.com\/en\/shop\/imperial-porter\/boogeyman\/","og_site_name":"Birra Artigianale ALMOND &#039;22","article_modified_time":"2025-06-30T08:40:06+00:00","og_image":[{"width":900,"height":900,"url":"https:\/\/birraalmond.com\/wp-content\/uploads\/2020\/03\/imperial_porter-boogeyman-slow_food.webp","type":"image\/webp"}],"twitter_card":"summary_large_image","twitter_misc":{"Est. reading time":"1 minute"},"schema":{"@context":"https:\/\/schema.org","@graph":[{"@type":"WebPage","@id":"https:\/\/birraalmond.com\/en\/shop\/imperial-porter\/boogeyman\/","url":"https:\/\/birraalmond.com\/en\/shop\/imperial-porter\/boogeyman\/","name":"Boogeyman - Birra Artigianale ALMOND &#039;22","isPartOf":{"@id":"https:\/\/birraalmond.com\/en\/#website"},"primaryImageOfPage":{"@id":"https:\/\/birraalmond.com\/en\/shop\/imperial-porter\/boogeyman\/#primaryimage"},"image":{"@id":"https:\/\/birraalmond.com\/en\/shop\/imperial-porter\/boogeyman\/#primaryimage"},"thumbnailUrl":"https:\/\/birraalmond.com\/wp-content\/uploads\/2020\/03\/imperial_porter-boogeyman-slow_food.webp","datePublished":"2020-03-18T15:47:47+00:00","dateModified":"2025-06-30T08:40:06+00:00","breadcrumb":{"@id":"https:\/\/birraalmond.com\/en\/shop\/imperial-porter\/boogeyman\/#breadcrumb"},"inLanguage":"en-US","potentialAction":[{"@type":"ReadAction","target":["https:\/\/birraalmond.com\/en\/shop\/imperial-porter\/boogeyman\/"]}]},{"@type":"ImageObject","inLanguage":"en-US","@id":"https:\/\/birraalmond.com\/en\/shop\/imperial-porter\/boogeyman\/#primaryimage","url":"https:\/\/birraalmond.com\/wp-content\/uploads\/2020\/03\/imperial_porter-boogeyman-slow_food.webp","contentUrl":"https:\/\/birraalmond.com\/wp-content\/uploads\/2020\/03\/imperial_porter-boogeyman-slow_food.webp","width":900,"height":900},{"@type":"BreadcrumbList","@id":"https:\/\/birraalmond.com\/en\/shop\/imperial-porter\/boogeyman\/#breadcrumb","itemListElement":[{"@type":"ListItem","position":1,"name":"Home","item":"https:\/\/birraalmond.com\/en\/"},{"@type":"ListItem","position":2,"name":"Shop","item":"https:\/\/birraalmond.com\/shop\/"},{"@type":"ListItem","position":3,"name":"Boogeyman"}]},{"@type":"WebSite","@id":"https:\/\/birraalmond.com\/en\/#website","url":"https:\/\/birraalmond.com\/en\/","name":"Birra Artigianale ALMOND &#039;22","description":"Italian Craft Beer","potentialAction":[{"@type":"SearchAction","target":{"@type":"EntryPoint","urlTemplate":"https:\/\/birraalmond.com\/en\/?s={search_term_string}"},"query-input":{"@type":"PropertyValueSpecification","valueRequired":true,"valueName":"search_term_string"}}],"inLanguage":"en-US"}]}},"_links":{"self":[{"href":"https:\/\/birraalmond.com\/en\/wp-json\/wp\/v2\/product\/6066"}],"collection":[{"href":"https:\/\/birraalmond.com\/en\/wp-json\/wp\/v2\/product"}],"about":[{"href":"https:\/\/birraalmond.com\/en\/wp-json\/wp\/v2\/types\/product"}],"replies":[{"embeddable":true,"href":"https:\/\/birraalmond.com\/en\/wp-json\/wp\/v2\/comments?post=6066"}],"wp:featuredmedia":[{"embeddable":true,"href":"https:\/\/birraalmond.com\/en\/wp-json\/wp\/v2\/media\/7183"}],"wp:attachment":[{"href":"https:\/\/birraalmond.com\/en\/wp-json\/wp\/v2\/media?parent=6066"}],"wp:term":[{"taxonomy":"product_cat","embeddable":true,"href":"https:\/\/birraalmond.com\/en\/wp-json\/wp\/v2\/product_cat?post=6066"},{"taxonomy":"product_tag","embeddable":true,"href":"https:\/\/birraalmond.com\/en\/wp-json\/wp\/v2\/product_tag?post=6066"}],"curies":[{"name":"wp","href":"https:\/\/api.w.org\/{rel}","templated":true}]}}